{"id":477,"date":"2023-06-13T11:54:00","date_gmt":"2023-06-13T11:54:00","guid":{"rendered":"https:\/\/bykrl.webboxed.com\/?page_id=477"},"modified":"2024-11-06T10:20:21","modified_gmt":"2024-11-06T10:20:21","slug":"landing","status":"publish","type":"page","link":"https:\/\/by-krl.com\/fr\/landing\/","title":{"rendered":"Acceuil"},"content":{"rendered":"<div data-elementor-type=\"wp-page\" data-elementor-id=\"477\" class=\"elementor elementor-477\" data-elementor-post-type=\"page\">\n\t\t\t\t\t\t<section class=\"elementor-section elementor-top-section elementor-element elementor-element-9f60b43 s2 elementor-section-boxed elementor-section-height-default elementor-section-height-default wpr-particle-no wpr-jarallax-no wpr-parallax-no wpr-sticky-section-no wpr-column-slider-no wpr-equal-height-no\" data-id=\"9f60b43\" data-element_type=\"section\" data-e-type=\"section\" data-settings=\"{&quot;background_background&quot;:&quot;classic&quot;}\">\n\t\t\t\t\t\t<div class=\"elementor-container elementor-column-gap-default\">\n\t\t\t\t\t<div class=\"elementor-column elementor-col-100 elementor-top-column elementor-element elementor-element-151be3a\" data-id=\"151be3a\" data-element_type=\"column\" data-e-type=\"column\">\n\t\t\t<div class=\"elementor-widget-wrap elementor-element-populated\">\n\t\t\t\t\t\t<div class=\"elementor-element elementor-element-3c14b84 elementor-widget__width-initial elementor-widget elementor-widget-heading\" data-id=\"3c14b84\" data-element_type=\"widget\" data-e-type=\"widget\" data-widget_type=\"heading.default\">\n\t\t\t\t<div class=\"elementor-widget-container\">\n\t\t\t\t\t<h2 class=\"elementor-heading-title elementor-size-default\">COMPLEXE MULTIFONCTIONNEL SAIFI 1<\/h2>\t\t\t\t<\/div>\n\t\t\t\t<\/div>\n\t\t\t\t<div class=\"elementor-element elementor-element-e96a428 section2 elementor-widget elementor-widget-image\" data-id=\"e96a428\" data-element_type=\"widget\" data-e-type=\"widget\" data-widget_type=\"image.default\">\n\t\t\t\t<div class=\"elementor-widget-container\">\n\t\t\t\t\t\t\t\t\t\t\t\t\t\t\t<img fetchpriority=\"high\" decoding=\"async\" width=\"994\" height=\"1024\" src=\"https:\/\/by-krl.com\/wp-content\/uploads\/2023\/07\/8-2-copy-994x1024.jpg\" class=\"attachment-large size-large wp-image-2058\" alt=\"\" srcset=\"https:\/\/by-krl.com\/wp-content\/uploads\/2023\/07\/8-2-copy-994x1024.jpg 994w, https:\/\/by-krl.com\/wp-content\/uploads\/2023\/07\/8-2-copy-291x300.jpg 291w, https:\/\/by-krl.com\/wp-content\/uploads\/2023\/07\/8-2-copy-768x791.jpg 768w, https:\/\/by-krl.com\/wp-content\/uploads\/2023\/07\/8-2-copy.jpg 1152w\" sizes=\"(max-width: 994px) 100vw, 994px\" \/>\t\t\t\t\t\t\t\t\t\t\t\t\t\t\t<\/div>\n\t\t\t\t<\/div>\n\t\t\t\t\t<\/div>\n\t\t<\/div>\n\t\t\t\t\t<\/div>\n\t\t<\/section>\n\t\t\t\t<section class=\"elementor-section elementor-top-section elementor-element elementor-element-1060669 elementor-section-height-full elementor-section-boxed elementor-section-height-default elementor-section-items-middle wpr-particle-no wpr-jarallax-no wpr-parallax-no wpr-sticky-section-no wpr-column-slider-no wpr-equal-height-no\" data-id=\"1060669\" data-element_type=\"section\" data-e-type=\"section\" data-settings=\"{&quot;display_condition_enable&quot;:&quot;yes&quot;,&quot;background_background&quot;:&quot;classic&quot;}\">\n\t\t\t\t\t\t<div class=\"elementor-container elementor-column-gap-default\">\n\t\t\t\t\t<div class=\"elementor-column elementor-col-100 elementor-top-column elementor-element elementor-element-af78a93\" data-id=\"af78a93\" data-element_type=\"column\" data-e-type=\"column\">\n\t\t\t<div class=\"elementor-widget-wrap elementor-element-populated\">\n\t\t\t\t\t\t<div class=\"elementor-element elementor-element-5dc6932 uael-login-form-inline-yes uael-login-form-icon-yes elementor-button-align-center elementor-widget elementor-widget-uael-login-form\" data-id=\"5dc6932\" data-element_type=\"widget\" data-e-type=\"widget\" data-settings=\"{&quot;align&quot;:&quot;center&quot;,&quot;input_border&quot;:{&quot;unit&quot;:&quot;px&quot;,&quot;top&quot;:&quot;0&quot;,&quot;right&quot;:&quot;0&quot;,&quot;bottom&quot;:&quot;1&quot;,&quot;left&quot;:&quot;0&quot;,&quot;isLinked&quot;:false},&quot;row_gap&quot;:{&quot;unit&quot;:&quot;px&quot;,&quot;size&quot;:20,&quot;sizes&quot;:[]},&quot;row_gap_tablet&quot;:{&quot;unit&quot;:&quot;px&quot;,&quot;size&quot;:&quot;&quot;,&quot;sizes&quot;:[]},&quot;row_gap_mobile&quot;:{&quot;unit&quot;:&quot;px&quot;,&quot;size&quot;:&quot;&quot;,&quot;sizes&quot;:[]},&quot;input_padding&quot;:{&quot;unit&quot;:&quot;px&quot;,&quot;top&quot;:&quot;&quot;,&quot;right&quot;:&quot;&quot;,&quot;bottom&quot;:&quot;&quot;,&quot;left&quot;:&quot;&quot;,&quot;isLinked&quot;:true},&quot;input_padding_tablet&quot;:{&quot;unit&quot;:&quot;px&quot;,&quot;top&quot;:&quot;&quot;,&quot;right&quot;:&quot;&quot;,&quot;bottom&quot;:&quot;&quot;,&quot;left&quot;:&quot;&quot;,&quot;isLinked&quot;:true},&quot;input_padding_mobile&quot;:{&quot;unit&quot;:&quot;px&quot;,&quot;top&quot;:&quot;&quot;,&quot;right&quot;:&quot;&quot;,&quot;bottom&quot;:&quot;&quot;,&quot;left&quot;:&quot;&quot;,&quot;isLinked&quot;:true},&quot;input_border_tablet&quot;:{&quot;unit&quot;:&quot;px&quot;,&quot;top&quot;:&quot;&quot;,&quot;right&quot;:&quot;&quot;,&quot;bottom&quot;:&quot;&quot;,&quot;left&quot;:&quot;&quot;,&quot;isLinked&quot;:true},&quot;input_border_mobile&quot;:{&quot;unit&quot;:&quot;px&quot;,&quot;top&quot;:&quot;&quot;,&quot;right&quot;:&quot;&quot;,&quot;bottom&quot;:&quot;&quot;,&quot;left&quot;:&quot;&quot;,&quot;isLinked&quot;:true}}\" data-widget_type=\"uael-login-form.default\">\n\t\t\t\t<div class=\"elementor-widget-container\">\n\t\t\t\t\t\t\t\t<div class=\"uael-login-form-wrapper\" data-nonce=\"a289848c35\">\n\t\t\t\t\t\t\t\t\t\t<form class=\"uael-form uael-login-form\" method=\"post\" action=\"\">\n\t\t\t\t\t\n\t\t\t\t\t<div class=\"elementor-form-fields-wrapper\">\n\t\t\t\t\t\t<div class=\"elementor-field-type-text elementor-field-group elementor-column elementor-col-100 elementor-field-required\">\n\t\t\t\t\t\t\t<div class=\"uael-username-wrapper\"><input size=\"1\" type=\"text\" name=\"username\" id=\"user\" placeholder=\"Username or Email Address\" class=\"elementor-field elementor-field-textual elementor-size-sm uael-login-form-username\"><span class=\"uael-fields-icon\"><i class=\"fa fa-user\"><\/i><\/span><\/div>\t\t\t\t\t\t\t\t\t\t\t\t\t<\/div>\n\n\t\t\t\t\t\t<div class=\"elementor-field-type-text elementor-field-group elementor-column elementor-col-100 elementor-field-required\">\n\t\t\t\t\t\t\t<div class=\"uael-password-wrapper\"><input size=\"1\" type=\"password\" name=\"password\" id=\"password\" placeholder=\"Password\" class=\"elementor-field elementor-field-textual elementor-size-sm uael-login-form-password\"><span class=\"uael-fields-icon\"><i class=\"fa fa-lock\"><\/i><\/span><span toggle=\"#password-field\" class=\"fa fa-fw fa-eye field-icon toggle-password\"><\/span><\/div>\t\t\t\t\t\t\t\t\t\t\t\t\t<\/div>\n\n\t\t\t\t\t\t<div class=\"elementor-field-type-text elementor-field-group elementor-column elementor-col-100 elementor-field-required\">\n\t\t\t\t\t\t\t\t\t\t\t\t\t<\/div>\n\n\t\t\t\t\t\t\t\t\t\t\t\t\t\t\t\t\t\t\t\t<div class=\"elementor-field-type-checkbox elementor-field-group elementor-column elementor-col-100 elementor-remember-me\">\n\t\t\t\t\t\t\t\t<label for=\"uael-login-remember-me\">\n\t\t\t\t\t\t\t\t\t<input type=\"checkbox\" id=\"uael-login-remember-me\" class=\"uael-login-form-remember\" name=\"rememberme\" value=\"forever\">\n\t\t\t\t\t\t\t\t\t<span class=\"uael-login-form-remember\">Remember Me<\/span>\n\t\t\t\t\t\t\t\t<\/label>\n\t\t\t\t\t\t\t<\/div>\n\t\t\t\t\t\t\n\t\t\t\t\t\t<div class=\"elementor-field-group elementor-column elementor-widget-button uael-login-form-submit-group elementor-field-type-submit elementor-col-100\">\n\t\t\t\t\t\t\t\t\t\t\t\t\t\t<button type=\"submit\" class=\"elementor-button uael-login-form-submit elementor-size-md\" name=\"uael-login-submit\" data-ajax-enable=\"yes\">\n\t\t\t\t\t\t\t\t\t\t\t\t\t\t\t\t\t\t\t\t\t\t\t\t\t<span class=\"elementor-button-text\">Log In<\/span>\n\t\t\t\t\t\t\t\t\t\t\t\t\t\t\t\t\t\t\t\t\t\t\t<\/button>\n\t\t\t\t\t\t\t\t\t\t\t\t\t<\/div>\n\n\t\t\t\t\t\t\n\t\t\t\t\t<\/div>\n\t\t\t\t<input type=\"hidden\" name=\"trp-form-language\" value=\"fr\"\/><\/form>\n\t\t\t\t\t\t\t\t<\/div>\n\t\t\t\t\t\t<\/div>\n\t\t\t\t<\/div>\n\t\t\t\t\t<\/div>\n\t\t<\/div>\n\t\t\t\t\t<\/div>\n\t\t<\/section>\n\t\t\t\t<\/div>","protected":false},"excerpt":{"rendered":"<p>https:\/\/by-krl.com\/wp-content\/uploads\/2023\/08\/clubbing-video-3.mp4 A French-Lebanese architect who graduated from the Lebanese Academy of Fine Arts (ALBA) before going on to study at the \u00c9cole nationale sup\u00e9rieure de Paris La Villette, Karl Moukarzel has acquired a good deal of experience in internationally renowned agencies such as the ateliers Jean Nouvel, CroMe studio co-founded in 2017 by Jean-Luc Crochon (winner of the construction trophy and the CTBUH Award from the Chicago Council on Tall Buildings and Urban Habitat) and Nayla Mecattaf, who distinguished herself with her expertise at Renzo Piano Building Workshop (RPBW) for 25 years, 18 of which as an associate. Karl also gained experience as a project manager with Manuelle Gautrand (winner of the European Architecture Prize), who made a name for herself internationally and among the general public in 2007 for her creation of the C42, Citro\u00ebn&#8217;s flagship showroom on the Champs-\u00c9lys\u00e9es.Fascinated by the discovery of new cultures and history, he likes to diversify his travels to gain a better understanding of the world around him, and never fails to invest heavily in research. These visits have certainly enabled him to &#8220;discover a multitude of ways of thinking about the architecture of tomorrow&#8221;. Entirely interested in ephemeral structures and changes of scale, he experiments, discovers and develops his vision of architecture as a continuous and recurring process. Karl spends an amount of time researching materials. This interests him enormously and enables him to create synergies between the history of the place and its transition in time. He seeks innovation through architectural concepts and construction methods that adapt to different constraints. Last but not least, he is also interested in micro and macro spaces, and he is very meticulous and attentive to each detail. Furthermore, he has ventured into furniture design, proposing his own for several collaborations that take into account the topological and chronological\u00a0context. A CULTURAL JOURNEY IN HAMAT HOME AND CLINIC PLOT 6507 FARAYA THE HEADQUARTERS OF A SPECIALIZED LIGHTING COMPANY DUBAI SAINT-GOBAIN COMPETITION PLOT 3733-3734-3735 SAIFI 1 MULTIFUNCTIONAL COMPLEX MEMORIAL PLOT 332 BOTANY BETWEEN URBAN PROGRAMMING AND CITIZEN ACTIVATION CULTURAL CENTER OF EXCHANGE AND SHARING CLIQUE CLIQUE THE ROOF x CAPITOL PARALLEL ZAHA HADID GALLERY APPARTEMENT M.S. APPARTEMENT Y.N. HOTEL PARTICULIER L.B. You are Logged in as webboxed (Logout)<\/p>","protected":false},"author":1,"featured_media":0,"parent":0,"menu_order":0,"comment_status":"closed","ping_status":"closed","template":"","meta":{"_acf_changed":false,"site-sidebar-layout":"no-sidebar","site-content-layout":"page-builder","ast-site-content-layout":"full-width-container","site-content-style":"unboxed","site-sidebar-style":"unboxed","ast-global-header-display":"","ast-banner-title-visibility":"","ast-main-header-display":"","ast-hfb-above-header-display":"","ast-hfb-below-header-display":"","ast-hfb-mobile-header-display":"","site-post-title":"disabled","ast-breadcrumbs-content":"","ast-featured-img":"disabled","footer-sml-layout":"","ast-disable-related-posts":"","theme-transparent-header-meta":"","adv-header-id-meta":"","stick-header-meta":"","header-above-stick-meta":"","header-main-stick-meta":"","header-below-stick-meta":"","astra-migrate-meta-layouts":"set","ast-page-background-enabled":"default","ast-page-background-meta":{"desktop":{"background-color":"var(--ast-global-color-4)","background-image":"","background-repeat":"repeat","background-position":"center center","background-size":"auto","background-attachment":"scroll","background-type":"","background-media":"","overlay-type":"","overlay-color":"","overlay-opacity":"","overlay-gradient":""},"tablet":{"background-color":"","background-image":"","background-repeat":"repeat","background-position":"center center","background-size":"auto","background-attachment":"scroll","background-type":"","background-media":"","overlay-type":"","overlay-color":"","overlay-opacity":"","overlay-gradient":""},"mobile":{"background-color":"","background-image":"","background-repeat":"repeat","background-position":"center center","background-size":"auto","background-attachment":"scroll","background-type":"","background-media":"","overlay-type":"","overlay-color":"","overlay-opacity":"","overlay-gradient":""}},"ast-content-background-meta":{"desktop":{"background-color":"var(--ast-global-color-5)","background-image":"","background-repeat":"repeat","background-position":"center center","background-size":"auto","background-attachment":"scroll","background-type":"","background-media":"","overlay-type":"","overlay-color":"","overlay-opacity":"","overlay-gradient":""},"tablet":{"background-color":"var(--ast-global-color-5)","background-image":"","background-repeat":"repeat","background-position":"center center","background-size":"auto","background-attachment":"scroll","background-type":"","background-media":"","overlay-type":"","overlay-color":"","overlay-opacity":"","overlay-gradient":""},"mobile":{"background-color":"var(--ast-global-color-5)","background-image":"","background-repeat":"repeat","background-position":"center center","background-size":"auto","background-attachment":"scroll","background-type":"","background-media":"","overlay-type":"","overlay-color":"","overlay-opacity":"","overlay-gradient":""}},"footnotes":""},"class_list":["post-477","page","type-page","status-publish","hentry"],"acf":[],"_links":{"self":[{"href":"https:\/\/by-krl.com\/fr\/wp-json\/wp\/v2\/pages\/477","targetHints":{"allow":["GET"]}}],"collection":[{"href":"https:\/\/by-krl.com\/fr\/wp-json\/wp\/v2\/pages"}],"about":[{"href":"https:\/\/by-krl.com\/fr\/wp-json\/wp\/v2\/types\/page"}],"author":[{"embeddable":true,"href":"https:\/\/by-krl.com\/fr\/wp-json\/wp\/v2\/users\/1"}],"replies":[{"embeddable":true,"href":"https:\/\/by-krl.com\/fr\/wp-json\/wp\/v2\/comments?post=477"}],"version-history":[{"count":0,"href":"https:\/\/by-krl.com\/fr\/wp-json\/wp\/v2\/pages\/477\/revisions"}],"wp:attachment":[{"href":"https:\/\/by-krl.com\/fr\/wp-json\/wp\/v2\/media?parent=477"}],"curies":[{"name":"wp","href":"https:\/\/api.w.org\/{rel}","templated":true}]}}